{"id":482,"date":"2020-06-09T22:03:13","date_gmt":"2020-06-09T20:03:13","guid":{"rendered":"https:\/\/www.leadex.fr\/?page_id=482"},"modified":"2020-06-10T10:44:09","modified_gmt":"2020-06-10T08:44:09","slug":"rastrear","status":"publish","type":"page","link":"https:\/\/www.leadex.fr\/es\/rastrear\/","title":{"rendered":"Rastrear"},"content":{"rendered":"<div class=\"fusion-fullwidth fullwidth-box fusion-builder-row-1 fusion-parallax-none nonhundred-percent-fullwidth non-hundred-percent-height-scrolling\" style=\"--awb-border-radius-top-left:0px;--awb-border-radius-top-right:0px;--awb-border-radius-bottom-right:0px;--awb-border-radius-bottom-left:0px;--awb-padding-top:200px;--awb-padding-right:15%;--awb-padding-bottom:150px;--awb-padding-left:15%;--awb-background-image:url(&quot;https:\/\/www.leadex.fr\/wp-content\/uploads\/LEADEX_ACCUEIL_02_1280x600px-compressor.jpg&quot;);--awb-background-size:cover;--awb-flex-wrap:wrap;\" ><div class=\"fusion-builder-row fusion-row\"><div class=\"fusion-layout-column fusion_builder_column fusion-builder-column-0 fusion_builder_column_1_1 1_1 fusion-one-full fusion-column-first fusion-column-last text-white\" style=\"--awb-bg-size:cover;\"><div class=\"fusion-column-wrapper fusion-column-has-shadow fusion-flex-column-wrapper-legacy\"><div class=\"fusion-text fusion-text-1\"><p>Ingrese su n\u00famero de seguimiento para recibir informac\u00edon de env\u00edo :<\/p>\n<\/div><div class=\"fusion-sep-clear\"><\/div><div class=\"fusion-separator fusion-full-width-sep\" style=\"margin-left: auto;margin-right: auto;margin-top:20px;margin-bottom:20px;width:100%;\"><\/div><div class=\"fusion-sep-clear\"><\/div><table class=\"tracking-table\" border=\"1\" width=\"800px\">\n\n\t\t\t<tbody><tr>\n\t\t\t\t<tr>\n\t\t\t\t<td align=\"left\">\n\t\t\t\t\tSeguimiento de contenedores\n\t\t\t\t<\/td>\n\n\t\t\t\t<td align=\"left\" width=\"340px\">\n\t\t\t\t\t<input type=\"text\" size=\"35\" id=\"Container\" placeholder=\"Por favor ingrese el n\u00famero de contenedor\" onkeyup=\"this.value = Container_Number_Full_Number(this.value);\">\n\t\t\t\t\t<button id=\"Container_Track\" onclick=\"TrackTrace('Container')\">Track<\/button>\n\t\t\t\t<\/td>\n\t\t\t<\/tr>\n\n\t\t\t<tr>\n\t\t\t\t<td align=\"left\">\n\t\t\t\t\tSeguimiento de mensajer\u00eda \n\t\t\t\t<\/td>\n\n\t\t\t\t<td align=\"left\">\n\t\t\t\t\t<input type=\"text\" size=\"35\" id=\"Courier\" placeholder=\"Por favor, introduzca el n\u00famero de mensajer\u00eda\">\n\t\t\t\t\t<button id=\"Courier_Track\" onclick=\"TrackTrace('Courier')\">Track<\/button>\n\t\t\t\t<\/td>\n\t\t\t<\/tr>\n\t\t\t\n\t\t\t<tr>\n\t\t\t\t<td align=\"left\">\n\t\t\t\t\tSeguimiento de embarcaciones \n\t\t\t\t<\/td>\n\t\t\t\t\n\t\t\t\t<td align=\"left\">\n\t\t\t\t\t<input type=\"text\" size=\"35\" id=\"Vessel\" placeholder=\"Por favor ingrese el nombre del barco\" onkeyup=\"this.value = Vessel_Accepted_Signs(this.value);\" class=\"ui-autocomplete-input\" autocomplete=\"off\">\n\t\t\t\t\t<button id=\"Vessel_Track\" onclick=\"TrackTrace('Vessel')\">Track<\/button>\n\t\t\t\t<\/td>\n\t\t\t<\/tr>\n\t\t\t\n\t\t\t<td align=\"left\">\n\t\t\t\t\tSeguimiento de Air Waybill\n\t\t\t\t<\/td>\n\n\t\t\t\t<td align=\"left\">\n\t\t\t\t\t<input type=\"text\" size=\"35\" id=\"AWB\" placeholder=\"Por favor, introduzca el n\u00famero de Air Waybill\" onkeyup=\"this.value = AWB_Number_Full_Number(this.value);\">\n\t\t\t\t\t<button id=\"AWB_Track\" onclick=\"TrackTrace('AWB')\">Track<\/button>\n\t\t\t\t<\/td>\n\t\t\t<\/tr>\n\n\t\t\t<script>\n\t\t\t\tvar input = document.getElementById(\"Courier\");\n\t\t\t\tinput.addEventListener(\"keyup\", function(event) {\n\t\t\t\t\tif (event.keyCode === 13) {\n\t\t\t\t\t\tevent.preventDefault();\n\t\t\t\t\t\tdocument.getElementById(\"Courier_Track\").click();\n\t\t\t\t\t}\n\t\t\t\t});\n\n\t\t\t\tvar input = document.getElementById(\"AWB\");\n\t\t\t\tinput.addEventListener(\"keyup\", function(event) {\n\t\t\t\t\tif (event.keyCode === 13) {\n\t\t\t\t\t\tevent.preventDefault();\n\t\t\t\t\t\tdocument.getElementById(\"AWB_Track\").click();\n\t\t\t\t\t}\n\t\t\t\t});\n\n\t\t\t\tvar input = document.getElementById(\"Container\");\n\t\t\t\tinput.addEventListener(\"keyup\", function(event) {\n\t\t\t\t\tif (event.keyCode === 13) {\n\t\t\t\t\t\tevent.preventDefault();\n\t\t\t\t\t\tdocument.getElementById(\"Container_Track\").click();\n\t\t\t\t\t}\n\t\t\t\t});\n\n\t\t\t\tvar input = document.getElementById(\"Vessel\");\n\t\t\t\tinput.addEventListener(\"keyup\", function(event) {\n\t\t\t\t\tif (event.keyCode === 13) {\n\t\t\t\t\t\tevent.preventDefault();\n\t\t\t\t\t\tdocument.getElementById(\"Vessel_Track\").click();\n\t\t\t\t\t}\n\t\t\t\t});\n\n\t\t\t\tvar input = document.getElementById(\"Map\");\n\t\t\t\tinput.addEventListener(\"keyup\", function(event) {\n\t\t\t\t\tif (event.keyCode === 13) {\n\t\t\t\t\t\tevent.preventDefault();\n\t\t\t\t\t\tdocument.getElementById(\"Map_Track\").click();\n\t\t\t\t\t}\n\t\t\t\t});\n\t\t\t<\/script>\n\t\t<\/tbody>\n<\/table><div class=\"fusion-clearfix\"><\/div><\/div><\/div><\/div><\/div>\n","protected":false},"excerpt":{"rendered":"","protected":false},"author":1,"featured_media":0,"parent":0,"menu_order":0,"comment_status":"closed","ping_status":"closed","template":"","meta":{"footnotes":""},"class_list":["post-482","page","type-page","status-publish","hentry"],"_links":{"self":[{"href":"https:\/\/www.leadex.fr\/es\/wp-json\/wp\/v2\/pages\/482","targetHints":{"allow":["GET"]}}],"collection":[{"href":"https:\/\/www.leadex.fr\/es\/wp-json\/wp\/v2\/pages"}],"about":[{"href":"https:\/\/www.leadex.fr\/es\/wp-json\/wp\/v2\/types\/page"}],"author":[{"embeddable":true,"href":"https:\/\/www.leadex.fr\/es\/wp-json\/wp\/v2\/users\/1"}],"replies":[{"embeddable":true,"href":"https:\/\/www.leadex.fr\/es\/wp-json\/wp\/v2\/comments?post=482"}],"version-history":[{"count":3,"href":"https:\/\/www.leadex.fr\/es\/wp-json\/wp\/v2\/pages\/482\/revisions"}],"predecessor-version":[{"id":493,"href":"https:\/\/www.leadex.fr\/es\/wp-json\/wp\/v2\/pages\/482\/revisions\/493"}],"wp:attachment":[{"href":"https:\/\/www.leadex.fr\/es\/wp-json\/wp\/v2\/media?parent=482"}],"curies":[{"name":"wp","href":"https:\/\/api.w.org\/{rel}","templated":true}]}}